{"id":3,"date":"2018-10-28T13:54:46","date_gmt":"2018-10-28T13:54:46","guid":{"rendered":"https:\/\/music.donflo.com\/?page_id=3"},"modified":"2019-01-06T13:18:18","modified_gmt":"2019-01-06T13:18:18","slug":"privacy-policy","status":"publish","type":"page","link":"https:\/\/music.donflo.com\/index.php\/privacy-policy\/","title":{"rendered":"Datenschutzerkl\u00e4rung"},"content":{"rendered":"<div class=\"wrapper\">\n<div class=\"wrapper-inner section-inner thin\">\n<div class=\"content\">\n<div class=\"post\">\n<div class=\"post-inner\">\n<div class=\"post-content\">\n<p><u><b>Datenschutzerkl\u00e4rung<\/b><\/u><\/p>\n<ol>\n<li><b>Name und Anschrift des Verantwortlichen<\/b><\/li>\n<\/ol>\n<p>Der Verantwortliche im Sinne der EU-Datenschutzgrundverordnung (DSGVO) und anderer nationaler Datenschutzgesetze der Mitgliedsstaaten sowie sonstiger datenschutzrechtlicher Bestimmungen ist:<\/p>\n<p lang=\"zxx\"><u>Florian Bensiek,&nbsp; E-Mail: info -at- donflo -dot- com<br \/>\nGelsenkircherstr.20 13583Berlin, Tel.: Auf Anfrage<\/u><\/p>\n<ol start=\"2\">\n<li><b>Allgemeines zur Datenverarbeitung<\/b><\/li>\n<\/ol>\n<p>Wir erheben und verwenden personenbezogene Daten unserer Nutzer grunds\u00e4tzlich nur, soweit dies zur Bereitstellung einer funktionsf\u00e4higen Website sowie unserer Inhalte und Leistungen erforderlich ist und eine Rechtsgrundlage uns dies gestattet.<\/p>\n<p><b>Rechtsgrundlage<\/b> <b>f\u00fcr die Verarbeitung personenbezogener Daten<\/b><\/p>\n<p>Soweit wir f\u00fcr Verarbeitungsvorg\u00e4nge personenbezogener Daten eine Einwilligung der betroffenen Person einholen, dient Art. 6 Abs. 1 lit. a DSGVO als Rechtsgrundlage f\u00fcr die Verarbeitung personenbezogener Daten.<\/p>\n<p><b>Dauer der Speicherung personenbezogener Daten <\/b><\/p>\n<p>Die personenbezogenen Daten des Betroffenen werden von uns nur solange gespeichert, wie der Zweck der Speicherung besteht. Wenn die Verarbeitung auf einer Einwilligung des Betroffenen beruht, werden die Daten nur solange gespeichert, bis der Betroffene seine Einwilligung widerruft, es sei denn, es besteht eine andere Rechtsgrundlage f\u00fcr die Verarbeitung.<\/p>\n<p><b>Recht auf Berichtigung und L\u00f6schung der personenbezogenen Daten<\/b><\/p>\n<p>Der Betroffene hat das Recht, von uns unverz\u00fcglich die Berichtigung ihn betreffender unrichtiger personenbezogener Daten zu verlangen. Der Betroffene hat au\u00dferdem das Recht, von uns unverz\u00fcglich die L\u00f6schung ihn betreffender personenbezogener Daten zu verlangen, sobald der Zweck der Speicherung entf\u00e4llt oder, wenn die Verarbeitung auf einer Einwilligung des Betroffenen beruht, wenn der Betroffene seine Einwilligung widerruft und keine andere Rechtsgrundlage f\u00fcr die Verarbeitung besteht.<\/p>\n<p>Die personenbezogenen Daten des Betroffenen werden weiterhin gel\u00f6scht, wenn er gem. Art. 21 Abs. 1 DSGVO Widerspruch gegen die Verarbeitung einlegt und keine vorrangigen berechtigten Gr\u00fcnde f\u00fcr die Verarbeitung vorliegen, wenn die personenbezogenen Daten unrechtm\u00e4\u00dfig verarbeitet wurden oder wenn die L\u00f6schung zur Erf\u00fcllung einer rechtlichen Verpflichtung durch den europ\u00e4ischen oder nationalen Gesetzgeber in Vorschriften, denen DonFloPhotography unterliegt, vorgesehen wurde.<\/p>\n<p>Eine L\u00f6schung erfolgt jedoch in den oben dargestellten F\u00e4llen nicht, wenn die Verarbeitung der personenbezogenen Daten erforderlich ist, damit DonFloPhotography eine rechtliche Verpflichtung, die uns durch den europ\u00e4ischen oder nationalen Gesetzgeber auferlegt wurde, erf\u00fcllen kann oder wenn die Verarbeitung zur Wahrnehmung einer Aufgabe von DonFloPhotography erfolgt, die im \u00f6ffentlichen Interessen liegt oder wenn die weitere Speicherung der personenbezogenen Daten zur Geltendmachung, Aus\u00fcbung oder Verteidigung von Rechtsanspr\u00fcchen erforderlich ist.<\/p>\n<p><b>Recht auf Widerruf<\/b><\/p>\n<p>Beruht die Verarbeitung personenbezogener Daten auf einer Einwilligung der betroffenen Person, so kann diese ihre Einwilligung jederzeit widerrufen. Die bis zum Widerruf erfolgte Verarbeitung personenbezogener Daten bleibt trotz des Widerrufs rechtm\u00e4\u00dfig.<\/p>\n<p><b>Recht auf Auskunft<\/b><\/p>\n<p>Die betroffene Person hat das Recht, von DonFloPhotography eine Best\u00e4tigung dar\u00fcber zu verlangen, ob sie betreffende personenbezogene Daten verarbeitet werden. Wenn dies der Fall ist, hat die betroffene Person ein Recht auf Auskunft, um welche personenbezogenen Daten es sich handelt und f\u00fcr welche Zwecke diese verarbeitet werden. Sie hat au\u00dferdem ein Recht auf Auskunft \u00fcber die Dauer der geplanten Speicherung dieser Daten bzw. welche Kriterien f\u00fcr die Festlegung der Speicherdauer angewendet werden.<\/p>\n<ol start=\"3\">\n<li><b>Bereitstellung der Website<\/b><\/li>\n<\/ol>\n<h3 class=\"western\">Umfang der Datenverarbeitung<\/h3>\n<p>Bei jedem Aufruf unserer Internetseite erfasst unser System automatisiert Daten und Informationen vom Computersystem des aufrufenden Rechners.<br \/>\nFolgende Daten werden hierbei erhoben:<\/p>\n<ol>\n<li>Informationen \u00fcber den Browsertyp und die verwendete Version<\/li>\n<li>Das Betriebssystem des Nutzers<\/li>\n<li>Den Internet-Service-Provider des Nutzers<\/li>\n<li>Die IP-Adresse des Nutzers<\/li>\n<li>Datum und Uhrzeit des Zugriffs<\/li>\n<li>Websites, von denen das System des Nutzers auf unsere Internetseite gelangt<\/li>\n<li>Websites, die vom System des Nutzers \u00fcber unsere Website aufgerufen werden<\/li>\n<\/ol>\n<p>Die Daten werden ebenfalls in den Logfiles unseres Systems gespeichert. Eine Speicherung dieser Daten zusammen mit anderen personenbezogenen Daten des Nutzers findet nicht statt.<\/p>\n<h3 class=\"western\">Rechtsgrundlage f\u00fcr die Verarbeitung<\/h3>\n<p>Rechtsgrundlage f\u00fcr die vor\u00fcbergehende Speicherung der Daten und der Logfiles ist Art. 6 Abs. 1 lit. f DSGVO.<\/p>\n<h3 class=\"western\">Zweck der Verarbeitung<\/h3>\n<p>Die vor\u00fcbergehende Speicherung der IP-Adresse durch das System ist notwendig, um eine Auslieferung der Website an den Rechner des Nutzers zu erm\u00f6glichen. Hierf\u00fcr muss die IP-Adresse des Nutzers f\u00fcr die Dauer der Sitzung gespeichert bleiben.<\/p>\n<p>Die Speicherung in Logfiles erfolgt, um die Funktionsf\u00e4higkeit der Website sicherzustellen. Zudem dienen uns die Daten zur Optimierung der Website und zur Sicherstellung der Sicherheit unserer informationstechnischen Systeme. Eine Auswertung der Daten zu Marketingzwecken findet in diesem Zusammenhang nicht statt.<\/p>\n<p>In diesen Zwecken liegt auch unser berechtigtes Interesse an der Datenverarbeitung nach Art. 6 Abs. 1 lit. f DSGVO.<\/p>\n<h3 class=\"western\">Dauer der Speicherung der personenbezogenen Daten<\/h3>\n<p>Die Daten werden gel\u00f6scht, wenn die jeweilige Sitzung beendet ist.<\/p>\n<p>Im Falle einer Speicherung der Daten in Logfiles werden diese nach sp\u00e4testens sieben Tagen gel\u00f6scht. Eine dar\u00fcberhinausgehende Speicherung ist m\u00f6glich. In diesem Fall werden die IP-Adressen der Nutzer gel\u00f6scht oder verfremdet, sodass eine Zuordnung des aufrufenden Clients nicht mehr m\u00f6glich ist.<\/p>\n<ol start=\"4\">\n<li><b>E-Mail-Kontakt<\/b><\/li>\n<\/ol>\n<h3 class=\"western\">Umfang der Datenverarbeitung<\/h3>\n<p>Auf unserer Internetseite ist eine Kontaktaufnahme \u00fcber die jeweils bereitgestellte E-Mail-Adresse m\u00f6glich. In diesem Fall werden die mit der E-Mail \u00fcbermittelten personenbezogenen Daten des Nutzers gespeichert.<\/p>\n<p>Es erfolgt in diesem Zusammenhang keine Weitergabe der Daten an Dritte. Die Daten werden ausschlie\u00dflich f\u00fcr die Verarbeitung der Kontaktpflege verwendet.<\/p>\n<h3 class=\"western\">Rechtsgrundlage f\u00fcr die Datenverarbeitung<\/h3>\n<p>Rechtsgrundlage f\u00fcr die Verarbeitung der Daten, die im Zuge einer \u00dcbersendung eine E-Mail \u00fcbermittelt werden, ist Art. 6 Abs. 1 lit. f DSGVO.<\/p>\n<h3 class=\"western\">Zweck der Datenverarbeitung<\/h3>\n<p>Die Verarbeitung der personenbezogenen Daten dient uns allein zur Bearbeitung der Kontaktaufnahme. Hierin liegt auch das erforderliche berechtigte Interesse an der Verarbeitung der Daten.<\/p>\n<h3 class=\"western\">Dauer der Speicherung der personenbezogenen Daten<\/h3>\n<p>Die personenbezogenen Daten, die per E-Mail \u00fcbersandt wurden, werden gel\u00f6scht, wenn die jeweilige Konversation mit dem Nutzer beendet ist. Beendet ist die Konversation dann, wenn sich aus den Umst\u00e4nden entnehmen l\u00e4sst, dass der entsprechende Sachverhalt abschlie\u00dfend gekl\u00e4rt ist.<\/p>\n<ol start=\"5\">\n<li><b>Verwendung von Social Media Plugins<\/b><\/li>\n<\/ol>\n<h3 class=\"western\">Umfang der Datenverarbeitung<\/h3>\n<p>Wir nutzen auf unserer Website Social Plugins verschiedener Anbieter. Wenn Sie eine Website von uns aufrufen, die ein solches Plugin enth\u00e4lt, baut Ihr Browser eine direkte Verbindung mit den Servern des betreffenden Anbieters auf. Der Inhalt des Plugins wird von dem Anbieter direkt an Ihren Browser \u00fcbermittelt und von diesem in die Website eingebunden.<\/p>\n<p>Durch die Einbindung der Plugins erh\u00e4lt der Anbieter die Information, dass Sie die entsprechende Seite unseres Internetauftritts aufgerufen haben. Sind Sie bei dem jeweiligen Anbieter eingeloggt, hat dieser die M\u00f6glichkeit, diese Information Ihrem Konto zuzuordnen.<\/p>\n<ul>\n<li><b>Nutzungsbedingungen von Facebook: <\/b><a href=\"https:\/\/www.facebook.com\/legal\/terms\/\"><span lang=\"zxx\"><u><b>https:\/\/www.facebook.com\/legal\/terms\/<\/b><\/u><\/span><\/a><\/li>\n<li><b>Datenschutzrichtlinie von Facebook:<\/b><\/li>\n<\/ul>\n<p><a href=\"https:\/\/www.facebook.com\/about\/privacy\/\"><span lang=\"zxx\"><u><b>https:\/\/www.facebook.com\/about\/privacy\/<\/b><\/u><\/span><\/a><\/p>\n<ul>\n<li><b>Nutzungsbedingungen von Youtube:<\/b><\/li>\n<\/ul>\n<p><a href=\"https:\/\/www.youtube.com\/t\/terms\"><span lang=\"zxx\"><u><b>https:\/\/www.youtube.com\/t\/terms<\/b><\/u><\/span><\/a><\/p>\n<ul>\n<li><b>Datenschutzrichtlinie von Youtube\/ Google:<\/b><\/li>\n<\/ul>\n<p><a href=\"https:\/\/policies.google.com\/privacy?hl=de&amp;gl=de\"><span lang=\"zxx\"><u><b>https:\/\/policies.google.com\/privacy?hl=de&amp;gl=de<\/b><\/u><\/span><\/a><\/p>\n<ul>\n<li><b>Nutzungsbedingungen von Instagram:<\/b><\/li>\n<\/ul>\n<p><a href=\"https:\/\/help.instagram.com\/478745558852511\"><span lang=\"zxx\"><u><b>https:\/\/help.instagram.com\/478745558852511<\/b><\/u><\/span><\/a><\/p>\n<ul>\n<li><b>Datenschutzrichtlinie von Instagram:<\/b><\/li>\n<\/ul>\n<p><a href=\"https:\/\/help.instagram.com\/519522125107875?helpref=page_content\"><span lang=\"zxx\"><u><b>https:\/\/help.instagram.com\/519522125107875?helpref=page_content<\/b><\/u><\/span><\/a><\/p>\n<ul>\n<li><b>Nutzungsbedingungen von Pinterest:<\/b><\/li>\n<\/ul>\n<p><a href=\"https:\/\/policy.pinterest.com\/de\/terms-of-service\"><span lang=\"zxx\"><u><b>https:\/\/policy.pinterest.com\/de\/terms-of-service<\/b><\/u><\/span><\/a><\/p>\n<ul>\n<li><b>Datenschutzrichtlinie von Pinterest:<\/b><\/li>\n<\/ul>\n<p><a href=\"https:\/\/policy.pinterest.com\/de\/privacy-policy\"><span lang=\"zxx\"><u><b>https:\/\/policy.pinterest.com\/de\/privacy-policy<\/b><\/u><\/span><\/a><\/p>\n<h3 class=\"western\">Rechtsgrundlage f\u00fcr die Verarbeitung<\/h3>\n<p>Rechtsgrundlage f\u00fcr die Verarbeitung der Daten ist Art. 6 Abs. 1 lit. a DSGVO.<\/p>\n<ol start=\"6\">\n<li><b>Verwendung von Cookies<\/b><\/li>\n<\/ol>\n<h3 class=\"western\">Umfang der Datenverarbeitung<\/h3>\n<p>Unsere Website verwendet Cookies. Bei Cookies handelt es sich um Textdateien, die im Internetbrowser bzw. vom Internetbrowser auf dem Computersystem des Nutzers gespeichert werden. Ruft ein Nutzer eine Website auf, so kann ein Cookie auf dem Betriebssystem des Nutzers gespeichert werden. Dieser Cookie enth\u00e4lt eine charakteristische Zeichenfolge, die eine eindeutige Identifizierung des Browsers beim erneuten Aufrufen der Website erm\u00f6glicht.<\/p>\n<p>Wir setzen Cookies ein, um unsere Website nutzerfreundlicher zu gestalten. Einige Elemente unserer Internetseite erfordern es, dass der aufrufende Browser auch nach einem Seitenwechsel identifiziert werden kann. In den Cookies werden dabei folgende Daten gespeichert und \u00fcbermittelt:<\/p>\n<ol>\n<li>Log-In-Informationen<\/li>\n<li>Sitzungseinstellungen<\/li>\n<\/ol>\n<h3 class=\"western\">Rechtsgrundlage f\u00fcr die Verarbeitung<\/h3>\n<p>Die Rechtsgrundlage f\u00fcr die Verarbeitung personenbezogener Daten unter Verwendung technisch notwendiger Cookies ist Art. 6 Abs. 1 lit. f DSGVO.<br \/>\nDie Rechtsgrundlage f\u00fcr die Verarbeitung personenbezogener Daten unter Verwendung von Cookies zu anderen Zwecken ist bei Vorliegen einer diesbez\u00fcglichen Einwilligung des Nutzers Art. 6 Abs. 1 lit. a DSGVO.<\/p>\n<h3 class=\"western\">Zweck der Verarbeitung<\/h3>\n<p>Der Zweck der Verwendung technisch notwendiger Cookies ist, die Nutzung von Websites f\u00fcr die Nutzer zu vereinfachen. Einige Funktionen unserer Interseite k\u00f6nnen ohne den Einsatz von Cookies nicht angeboten werden. F\u00fcr diese ist es erforderlich, dass der Browser auch nach einem Seitenwechsel wiedererkannt wird. In diesen Zwecken liegt auch unser berechtigtes Interesse in der Verarbeitung der personenbezogenen Daten nach Art. 6 Abs. 1 lit. f DSGVO.<\/p>\n<p>F\u00fcr folgende Anwendungen ben\u00f6tigen wird Cookies:<\/p>\n<ol>\n<li>Single Sign-On<\/li>\n<li>Bindung von Login-Sitzungen an bestimmte Server (\u201esticky sessions\u201c)<\/li>\n<\/ol>\n<p>Die durch technisch notwendige Cookies erhobenen Nutzerdaten werden nicht zur Erstellung von Nutzerprofilen verwendet.<\/p>\n<h3 class=\"western\">Dauer der Speicherung der personenbezogenen Daten<\/h3>\n<p><a name=\"_GoBack\"><\/a>Cookies werden auf dem Rechner des Nutzers gespeichert und von diesem an unsere Seite \u00fcbermittelt. Daher haben Sie als Nutzer auch die volle Kontrolle \u00fcber die Verwendung von Cookies. Durch eine \u00c4nderung der Einstellungen in Ihrem Internetbrowser k\u00f6nnen Sie die \u00dcbertragung von Cookies deaktivieren oder einschr\u00e4nken. Bereits gespeicherte Cookies k\u00f6nnen jederzeit gel\u00f6scht werden. Dies kann auch automatisiert erfolgen. Werden Cookies f\u00fcr unsere Website deaktiviert, k\u00f6nnen m\u00f6glicherweise nicht mehr alle Funktionen der Website vollumf\u00e4nglich genutzt werden.<\/p>\n<\/div>\n<\/div>\n<\/div>\n<\/div>\n<\/div>\n<\/div>\n","protected":false},"excerpt":{"rendered":"<p class=\"post-excerpt\">Datenschutzerkl\u00e4rung Name und Anschrift des Verantwortlichen Der Verantwortliche im Sinne der EU-Datenschutzgrundverordnung (DSGVO) und anderer nationaler Datenschutzgesetze der Mitgliedsstaaten sowie&#8230;<\/p>\n","protected":false},"author":1,"featured_media":0,"parent":0,"menu_order":0,"comment_status":"closed","ping_status":"closed","template":"","meta":[],"_links":{"self":[{"href":"https:\/\/music.donflo.com\/index.php\/wp-json\/wp\/v2\/pages\/3"}],"collection":[{"href":"https:\/\/music.donflo.com\/index.php\/wp-json\/wp\/v2\/pages"}],"about":[{"href":"https:\/\/music.donflo.com\/index.php\/wp-json\/wp\/v2\/types\/page"}],"author":[{"embeddable":true,"href":"https:\/\/music.donflo.com\/index.php\/wp-json\/wp\/v2\/users\/1"}],"replies":[{"embeddable":true,"href":"https:\/\/music.donflo.com\/index.php\/wp-json\/wp\/v2\/comments?post=3"}],"version-history":[{"count":4,"href":"https:\/\/music.donflo.com\/index.php\/wp-json\/wp\/v2\/pages\/3\/revisions"}],"predecessor-version":[{"id":64,"href":"https:\/\/music.donflo.com\/index.php\/wp-json\/wp\/v2\/pages\/3\/revisions\/64"}],"wp:attachment":[{"href":"https:\/\/music.donflo.com\/index.php\/wp-json\/wp\/v2\/media?parent=3"}],"curies":[{"name":"wp","href":"https:\/\/api.w.org\/{rel}","templated":true}]}}